{"id":52,"date":"2024-07-06T19:32:45","date_gmt":"2024-07-06T17:32:45","guid":{"rendered":"https:\/\/domainedesgatz.fr\/?page_id=52"},"modified":"2025-01-26T10:56:22","modified_gmt":"2025-01-26T09:56:22","slug":"le-domaine","status":"publish","type":"page","link":"https:\/\/domainedesgatz.fr\/index.php\/le-domaine\/","title":{"rendered":"Le Domaine"},"content":{"rendered":"\n<p class=\"has-medium-font-size\">Les <strong>C\u00f4teaux Ancenis <\/strong>:&nbsp;<em> La zone g\u00e9ographique s\u2019\u00e9tend sur les deux rives de la Loire, \u00e0 mi chemin entre les villes de Nantes et Angers. Le vignoble est implant\u00e9 sur les formations m\u00e9tamorphiques anciennes du Massif armoricain, compos\u00e9es principalement de schistes, micaschistes et gneiss. Ces roches dures ont donn\u00e9 naissance \u00e0 des sols siliceux et souvent caillouteux, tr\u00e8s peu profonds sur les pentes, soumises autrefois \u00e0 l\u2019\u00e9rosion de la Loire. Traduisant les usages, l\u2019aire parcellaire d\u00e9limit\u00e9e pour la r\u00e9colte des raisins classe strictement les parcelles situ\u00e9es sur les coteaux, essentiellement et traditionnellement cultiv\u00e9s en vigne, qui pr\u00e9sentent des sols sains, peu profonds, dot\u00e9s d\u2019une r\u00e9serve en eau limit\u00e9e et mod\u00e9r\u00e9ment fertiles. Ces sols se ressuient et se r\u00e9chauffent rapidement. La zone g\u00e9ographique b\u00e9n\u00e9ficie d\u2019un climat oc\u00e9anique temp\u00e9r\u00e9, la Loire contribuant \u00e0 v\u00e9hiculer l\u2019influence maritime vers l\u2019int\u00e9rieur des terres, ce d\u2019autant que, dans la r\u00e9gion d\u2019Ancenis, le fleuve conna\u00eet la m\u00eame orientation que les vents dominants.<\/em><\/p>\n\n\n\n<figure class=\"wp-block-image size-large\"><img loading=\"lazy\" decoding=\"async\" width=\"1024\" height=\"682\" src=\"https:\/\/domainedesgatz.fr\/wp-content\/uploads\/2024\/07\/FKL5042-1024x682.jpg\" alt=\"\" class=\"wp-image-64\" srcset=\"https:\/\/domainedesgatz.fr\/wp-content\/uploads\/2024\/07\/FKL5042-1024x682.jpg 1024w, https:\/\/domainedesgatz.fr\/wp-content\/uploads\/2024\/07\/FKL5042-300x200.jpg 300w, https:\/\/domainedesgatz.fr\/wp-content\/uploads\/2024\/07\/FKL5042-768x512.jpg 768w, https:\/\/domainedesgatz.fr\/wp-content\/uploads\/2024\/07\/FKL5042-1536x1023.jpg 1536w, https:\/\/domainedesgatz.fr\/wp-content\/uploads\/2024\/07\/FKL5042-2048x1364.jpg 2048w\" sizes=\"auto, (max-width: 1024px) 100vw, 1024px\" \/><\/figure>\n\n\n\n<p class=\"has-medium-font-size\"><em><strong>Les origines du Domaine<\/strong>: Nos 6 hectares de vigne proviennent de la Paonnerie. Ce Domaine de Jacques et Agnies Carroget s&rsquo;est converti \u00e0 l\u2019agriculture biologique en 1997et a obtenu le label AB en 2000. En 2009 les m\u00e9thodes&nbsp;Biodynamiques sont utilis\u00e9es pour le traitement de la vigne.<\/em> <em>Nous avons rencontr\u00e9 Jacques et Agnies lors de notre p\u00e9riple \u00e0 v\u00e9lo pour d\u00e9couvrir les vignerons en Bio( Cyclovino).  Nous avons effectu\u00e9 nos stages au domaine pendant notre formation en BTS Viticulture- Oenologie. Aujourd&rsquo;hui Marie Carroget leur fille a repris une partie de la Paonnerie et sur l&rsquo;autre partie nous avons cr\u00e9e le Domaine des Gatz. Notre Chai et nos habitations sont sur notre Domaine. <\/em><\/p>\n\n\n<div class=\"wp-block-image\">\n<figure class=\"aligncenter size-full is-resized\"><img loading=\"lazy\" decoding=\"async\" width=\"850\" height=\"651\" src=\"https:\/\/domainedesgatz.fr\/wp-content\/uploads\/2024\/07\/FKL8198.jpg\" alt=\"\" class=\"wp-image-73\" style=\"width:320px;height:auto\" srcset=\"https:\/\/domainedesgatz.fr\/wp-content\/uploads\/2024\/07\/FKL8198.jpg 850w, https:\/\/domainedesgatz.fr\/wp-content\/uploads\/2024\/07\/FKL8198-300x230.jpg 300w, https:\/\/domainedesgatz.fr\/wp-content\/uploads\/2024\/07\/FKL8198-768x588.jpg 768w\" sizes=\"auto, (max-width: 850px) 100vw, 850px\" \/><\/figure>\n<\/div>\n\n\n<div class=\"wp-block-cover has-custom-content-position is-position-top-center\"><span aria-hidden=\"true\" class=\"wp-block-cover__background has-background-dim\"><\/span><img loading=\"lazy\" decoding=\"async\" width=\"682\" height=\"1024\" class=\"wp-block-cover__image-background wp-image-240\" alt=\"\" src=\"https:\/\/domainedesgatz.fr\/wp-content\/uploads\/2025\/01\/trognonDSC_0524-web-682x1024.jpg\" data-object-fit=\"cover\" srcset=\"https:\/\/domainedesgatz.fr\/wp-content\/uploads\/2025\/01\/trognonDSC_0524-web-682x1024.jpg 682w, https:\/\/domainedesgatz.fr\/wp-content\/uploads\/2025\/01\/trognonDSC_0524-web-200x300.jpg 200w, https:\/\/domainedesgatz.fr\/wp-content\/uploads\/2025\/01\/trognonDSC_0524-web-768x1154.jpg 768w, https:\/\/domainedesgatz.fr\/wp-content\/uploads\/2025\/01\/trognonDSC_0524-web.jpg 786w\" sizes=\"auto, (max-width: 682px) 100vw, 682px\" \/><div class=\"wp-block-cover__inner-container is-layout-flow wp-block-cover-is-layout-flow\">\n<p class=\"has-text-align-center has-large-font-size\">Chim\u00e8re entre Cidre et Vin<\/p>\n\n\n\n<p>                                                                     La chronique de C\u00e9line Maguet sur France Inter<\/p>\n\n\n\n<p>                                                                  <strong>Trognon  une fermentation de pomme et gamay<\/strong><\/p>\n<\/div><\/div>\n\n\n\n<div class=\"wp-block-buttons is-layout-flex wp-block-buttons-is-layout-flex\">\n<div class=\"wp-block-button\"><a class=\"wp-block-button__link wp-element-button\" href=\"https:\/\/domainedesgatz.fr\/\">Retour Accueil<\/a><\/div>\n<\/div>\n\n\n\n<p><\/p>\n","protected":false},"excerpt":{"rendered":"<p>Les C\u00f4teaux Ancenis :&nbsp; La zone g\u00e9ographique s\u2019\u00e9tend sur les deux rives de la Loire, \u00e0 mi chemin entre les villes de Nantes et Angers. Le vignoble est implant\u00e9 sur les formations m\u00e9tamorphiques anciennes du Massif armoricain, compos\u00e9es principalement de schistes, micaschistes et gneiss. Ces roches dures ont donn\u00e9 naissance \u00e0 des sols siliceux et [&hellip;]<\/p>\n","protected":false},"author":1,"featured_media":0,"parent":0,"menu_order":0,"comment_status":"closed","ping_status":"closed","template":"","meta":{"footnotes":""},"class_list":["post-52","page","type-page","status-publish","hentry","entry"],"_links":{"self":[{"href":"https:\/\/domainedesgatz.fr\/index.php\/wp-json\/wp\/v2\/pages\/52","targetHints":{"allow":["GET"]}}],"collection":[{"href":"https:\/\/domainedesgatz.fr\/index.php\/wp-json\/wp\/v2\/pages"}],"about":[{"href":"https:\/\/domainedesgatz.fr\/index.php\/wp-json\/wp\/v2\/types\/page"}],"author":[{"embeddable":true,"href":"https:\/\/domainedesgatz.fr\/index.php\/wp-json\/wp\/v2\/users\/1"}],"replies":[{"embeddable":true,"href":"https:\/\/domainedesgatz.fr\/index.php\/wp-json\/wp\/v2\/comments?post=52"}],"version-history":[{"count":10,"href":"https:\/\/domainedesgatz.fr\/index.php\/wp-json\/wp\/v2\/pages\/52\/revisions"}],"predecessor-version":[{"id":242,"href":"https:\/\/domainedesgatz.fr\/index.php\/wp-json\/wp\/v2\/pages\/52\/revisions\/242"}],"wp:attachment":[{"href":"https:\/\/domainedesgatz.fr\/index.php\/wp-json\/wp\/v2\/media?parent=52"}],"curies":[{"name":"wp","href":"https:\/\/api.w.org\/{rel}","templated":true}]}}