{"id":5,"date":"2024-07-04T18:21:01","date_gmt":"2024-07-04T16:21:01","guid":{"rendered":"http:\/\/pfwkpgg.cluster023.hosting.ovh.net\/?page_id=5"},"modified":"2026-01-08T18:07:12","modified_gmt":"2026-01-08T17:07:12","slug":"domaine-des-gatz-coteaux-dancenis","status":"publish","type":"page","link":"https:\/\/domainedesgatz.fr\/","title":{"rendered":"Domaine des Gatz        \/      C\u00f4teaux d&rsquo;Ancenis"},"content":{"rendered":"\n<p class=\"has-medium-font-size\"><strong>Contact<\/strong>:  Alexis FRENKEL \/  Maxime PETIT  La Dertini\u00e9re  44150 Anetz                                                Mail: domainedesgatz@gmail.com<\/p>\n\n\n\n<div class=\"wp-block-buttons is-layout-flex wp-block-buttons-is-layout-flex\">\n<div class=\"wp-block-button\"><a class=\"wp-block-button__link wp-element-button\" href=\"https:\/\/domainedesgatz.fr\/index.php\/le-domaine\/\">Le Domaine<\/a><\/div>\n\n\n\n<div class=\"wp-block-button\"><a class=\"wp-block-button__link wp-element-button\" href=\"https:\/\/domainedesgatz.fr\/index.php\/nos-produits\/\">Nos Cuv\u00e9es<\/a><\/div>\n\n\n\n<div class=\"wp-block-button\"><a class=\"wp-block-button__link wp-element-button\" href=\"https:\/\/domainedesgatz.fr\/index.php\/nos-vignes\/\">Nos Vignes <\/a><\/div>\n\n\n\n<div class=\"wp-block-button\"><a class=\"wp-block-button__link wp-element-button\" href=\"https:\/\/domainedesgatz.fr\/index.php\/vendanges\/\">Les vendanges<\/a><\/div>\n\n\n\n<div class=\"wp-block-button\"><a class=\"wp-block-button__link wp-element-button\" href=\"https:\/\/domainedesgatz.fr\/index.php\/nos-voyages\/\">Notre histoire<\/a><\/div>\n\n\n\n<div class=\"wp-block-button\"><a class=\"wp-block-button__link wp-element-button\" href=\"https:\/\/domainedesgatz.fr\/index.php\/photos-du-domaine\/\">Photos  <\/a><\/div>\n<\/div>\n\n\n\n<p><\/p>\n\n\n\n<p class=\"has-medium-font-size\">Le domaine des G\u00e2tz, c&rsquo;est avant tout l&rsquo;histoire d&rsquo;une amiti\u00e9 qui dure depuis toujours entre deux potes, amoureux du vin. C&rsquo;est nous, Alexis et Maxime. Vignerons et cidriers dans les Coteaux d&rsquo;Ancenis, on vous invite \u00e0 venir nous d\u00e9couvrir.<\/p>\n\n\n\n<figure class=\"wp-block-gallery has-nested-images columns-default is-cropped wp-block-gallery-1 is-layout-flex wp-block-gallery-is-layout-flex\">\n<figure class=\"wp-block-image size-large\"><img loading=\"lazy\" decoding=\"async\" width=\"406\" height=\"283\" data-id=\"23\" src=\"https:\/\/domainedesgatz.fr\/wp-content\/uploads\/2024\/07\/FKL1945-web-1.jpg\" alt=\"\" class=\"wp-image-23\" srcset=\"https:\/\/domainedesgatz.fr\/wp-content\/uploads\/2024\/07\/FKL1945-web-1.jpg 406w, https:\/\/domainedesgatz.fr\/wp-content\/uploads\/2024\/07\/FKL1945-web-1-300x209.jpg 300w\" sizes=\"auto, (max-width: 406px) 100vw, 406px\" \/><\/figure>\n\n\n\n<figure class=\"wp-block-image size-large\"><img loading=\"lazy\" decoding=\"async\" width=\"1024\" height=\"905\" data-id=\"17\" src=\"https:\/\/domainedesgatz.fr\/wp-content\/uploads\/2024\/07\/carte-vins-pays-nantais-gatz-1-2-1024x905.jpg\" alt=\"\" class=\"wp-image-17\" srcset=\"https:\/\/domainedesgatz.fr\/wp-content\/uploads\/2024\/07\/carte-vins-pays-nantais-gatz-1-2-1024x905.jpg 1024w, https:\/\/domainedesgatz.fr\/wp-content\/uploads\/2024\/07\/carte-vins-pays-nantais-gatz-1-2-300x265.jpg 300w, https:\/\/domainedesgatz.fr\/wp-content\/uploads\/2024\/07\/carte-vins-pays-nantais-gatz-1-2-768x678.jpg 768w, https:\/\/domainedesgatz.fr\/wp-content\/uploads\/2024\/07\/carte-vins-pays-nantais-gatz-1-2.jpg 1440w\" sizes=\"auto, (max-width: 1024px) 100vw, 1024px\" \/><\/figure>\n<\/figure>\n\n\n\n<figure class=\"wp-block-gallery has-nested-images columns-default is-cropped wp-block-gallery-2 is-layout-flex wp-block-gallery-is-layout-flex\">\n<figure class=\"wp-block-image size-large\"><img loading=\"lazy\" decoding=\"async\" width=\"1024\" height=\"702\" data-id=\"266\" src=\"https:\/\/domainedesgatz.fr\/wp-content\/uploads\/2025\/02\/degustation-1-sur-1-1024x702.jpg\" alt=\"\" class=\"wp-image-266\" srcset=\"https:\/\/domainedesgatz.fr\/wp-content\/uploads\/2025\/02\/degustation-1-sur-1-1024x702.jpg 1024w, https:\/\/domainedesgatz.fr\/wp-content\/uploads\/2025\/02\/degustation-1-sur-1-300x206.jpg 300w, https:\/\/domainedesgatz.fr\/wp-content\/uploads\/2025\/02\/degustation-1-sur-1-768x527.jpg 768w, https:\/\/domainedesgatz.fr\/wp-content\/uploads\/2025\/02\/degustation-1-sur-1-1536x1053.jpg 1536w, https:\/\/domainedesgatz.fr\/wp-content\/uploads\/2025\/02\/degustation-1-sur-1-2048x1405.jpg 2048w\" sizes=\"auto, (max-width: 1024px) 100vw, 1024px\" \/><\/figure>\n\n\n\n<figure class=\"wp-block-image size-large\"><img loading=\"lazy\" decoding=\"async\" width=\"1024\" height=\"669\" data-id=\"267\" src=\"https:\/\/domainedesgatz.fr\/wp-content\/uploads\/2025\/02\/10-2-verres-1-1024x669.jpg\" alt=\"\" class=\"wp-image-267\" srcset=\"https:\/\/domainedesgatz.fr\/wp-content\/uploads\/2025\/02\/10-2-verres-1-1024x669.jpg 1024w, https:\/\/domainedesgatz.fr\/wp-content\/uploads\/2025\/02\/10-2-verres-1-300x196.jpg 300w, https:\/\/domainedesgatz.fr\/wp-content\/uploads\/2025\/02\/10-2-verres-1-768x502.jpg 768w, https:\/\/domainedesgatz.fr\/wp-content\/uploads\/2025\/02\/10-2-verres-1-1536x1004.jpg 1536w, https:\/\/domainedesgatz.fr\/wp-content\/uploads\/2025\/02\/10-2-verres-1-2048x1339.jpg 2048w\" sizes=\"auto, (max-width: 1024px) 100vw, 1024px\" \/><\/figure>\n\n\n\n<figure class=\"wp-block-image size-large\"><img loading=\"lazy\" decoding=\"async\" width=\"1024\" height=\"681\" data-id=\"268\" src=\"https:\/\/domainedesgatz.fr\/wp-content\/uploads\/2025\/02\/11-verre-1-sur-1-1-1024x681.jpg\" alt=\"\" class=\"wp-image-268\" srcset=\"https:\/\/domainedesgatz.fr\/wp-content\/uploads\/2025\/02\/11-verre-1-sur-1-1-1024x681.jpg 1024w, https:\/\/domainedesgatz.fr\/wp-content\/uploads\/2025\/02\/11-verre-1-sur-1-1-300x200.jpg 300w, https:\/\/domainedesgatz.fr\/wp-content\/uploads\/2025\/02\/11-verre-1-sur-1-1-768x511.jpg 768w, https:\/\/domainedesgatz.fr\/wp-content\/uploads\/2025\/02\/11-verre-1-sur-1-1-1536x1022.jpg 1536w, https:\/\/domainedesgatz.fr\/wp-content\/uploads\/2025\/02\/11-verre-1-sur-1-1-2048x1363.jpg 2048w\" sizes=\"auto, (max-width: 1024px) 100vw, 1024px\" \/><\/figure>\n<\/figure>\n\n\n\n<p>                                                                               D\u00e9gustation dans nos vignes de la cuv\u00e9e 2024<\/p>\n\n\n\n<figure class=\"wp-block-image size-large\"><img loading=\"lazy\" decoding=\"async\" width=\"1024\" height=\"669\" src=\"https:\/\/domainedesgatz.fr\/wp-content\/uploads\/2026\/01\/carte-voeux-2026-1024x669.jpg\" alt=\"\" class=\"wp-image-318\" srcset=\"https:\/\/domainedesgatz.fr\/wp-content\/uploads\/2026\/01\/carte-voeux-2026-1024x669.jpg 1024w, https:\/\/domainedesgatz.fr\/wp-content\/uploads\/2026\/01\/carte-voeux-2026-300x196.jpg 300w, https:\/\/domainedesgatz.fr\/wp-content\/uploads\/2026\/01\/carte-voeux-2026-768x502.jpg 768w, https:\/\/domainedesgatz.fr\/wp-content\/uploads\/2026\/01\/carte-voeux-2026-1536x1004.jpg 1536w, https:\/\/domainedesgatz.fr\/wp-content\/uploads\/2026\/01\/carte-voeux-2026-2048x1339.jpg 2048w\" sizes=\"auto, (max-width: 1024px) 100vw, 1024px\" \/><\/figure>\n\n\n\n<figure class=\"wp-block-image size-full is-resized\"><img loading=\"lazy\" decoding=\"async\" width=\"343\" height=\"206\" src=\"https:\/\/domainedesgatz.fr\/wp-content\/uploads\/2024\/07\/carte-visite.jpg\" alt=\"\" class=\"wp-image-66\" style=\"width:318px;height:auto\" srcset=\"https:\/\/domainedesgatz.fr\/wp-content\/uploads\/2024\/07\/carte-visite.jpg 343w, https:\/\/domainedesgatz.fr\/wp-content\/uploads\/2024\/07\/carte-visite-300x180.jpg 300w\" sizes=\"auto, (max-width: 343px) 100vw, 343px\" \/><\/figure>\n\n\n\n<p><strong>Une d\u00e9couverte, une exp\u00e9rience dans une belle ambiance . Venez nous rejoindre !!!!<\/strong><\/p>\n","protected":false},"excerpt":{"rendered":"<p>Contact: Alexis FRENKEL \/ Maxime PETIT La Dertini\u00e9re 44150 Anetz Mail: domainedesgatz@gmail.com Le domaine des G\u00e2tz, c&rsquo;est avant tout l&rsquo;histoire d&rsquo;une amiti\u00e9 qui dure depuis toujours entre deux potes, amoureux du vin. C&rsquo;est nous, Alexis et Maxime. Vignerons et cidriers dans les Coteaux d&rsquo;Ancenis, on vous invite \u00e0 venir nous d\u00e9couvrir. D\u00e9gustation dans nos vignes [&hellip;]<\/p>\n","protected":false},"author":1,"featured_media":0,"parent":0,"menu_order":0,"comment_status":"closed","ping_status":"closed","template":"","meta":{"footnotes":""},"class_list":["post-5","page","type-page","status-publish","hentry","entry"],"_links":{"self":[{"href":"https:\/\/domainedesgatz.fr\/index.php\/wp-json\/wp\/v2\/pages\/5","targetHints":{"allow":["GET"]}}],"collection":[{"href":"https:\/\/domainedesgatz.fr\/index.php\/wp-json\/wp\/v2\/pages"}],"about":[{"href":"https:\/\/domainedesgatz.fr\/index.php\/wp-json\/wp\/v2\/types\/page"}],"author":[{"embeddable":true,"href":"https:\/\/domainedesgatz.fr\/index.php\/wp-json\/wp\/v2\/users\/1"}],"replies":[{"embeddable":true,"href":"https:\/\/domainedesgatz.fr\/index.php\/wp-json\/wp\/v2\/comments?post=5"}],"version-history":[{"count":30,"href":"https:\/\/domainedesgatz.fr\/index.php\/wp-json\/wp\/v2\/pages\/5\/revisions"}],"predecessor-version":[{"id":319,"href":"https:\/\/domainedesgatz.fr\/index.php\/wp-json\/wp\/v2\/pages\/5\/revisions\/319"}],"wp:attachment":[{"href":"https:\/\/domainedesgatz.fr\/index.php\/wp-json\/wp\/v2\/media?parent=5"}],"curies":[{"name":"wp","href":"https:\/\/api.w.org\/{rel}","templated":true}]}}