{"id":27,"date":"2024-07-06T18:56:12","date_gmt":"2024-07-06T16:56:12","guid":{"rendered":"https:\/\/domainedesgatz.fr\/?page_id=27"},"modified":"2025-01-27T17:53:44","modified_gmt":"2025-01-27T16:53:44","slug":"nos-produits","status":"publish","type":"page","link":"https:\/\/domainedesgatz.fr\/index.php\/nos-produits\/","title":{"rendered":"Nos vins et notre cidre."},"content":{"rendered":"\n<figure class=\"wp-block-image size-large\"><img loading=\"lazy\" decoding=\"async\" width=\"1024\" height=\"694\" src=\"https:\/\/domainedesgatz.fr\/wp-content\/uploads\/2024\/07\/fr_2022_le_vin_naturel_v2-1-1024x694.jpg\" alt=\"\" class=\"wp-image-150\" srcset=\"https:\/\/domainedesgatz.fr\/wp-content\/uploads\/2024\/07\/fr_2022_le_vin_naturel_v2-1-1024x694.jpg 1024w, https:\/\/domainedesgatz.fr\/wp-content\/uploads\/2024\/07\/fr_2022_le_vin_naturel_v2-1-300x203.jpg 300w, https:\/\/domainedesgatz.fr\/wp-content\/uploads\/2024\/07\/fr_2022_le_vin_naturel_v2-1-768x520.jpg 768w, https:\/\/domainedesgatz.fr\/wp-content\/uploads\/2024\/07\/fr_2022_le_vin_naturel_v2-1-1536x1041.jpg 1536w, https:\/\/domainedesgatz.fr\/wp-content\/uploads\/2024\/07\/fr_2022_le_vin_naturel_v2-1.jpg 2000w\" sizes=\"auto, (max-width: 1024px) 100vw, 1024px\" \/><\/figure>\n\n\n\n<p><\/p>\n\n\n\n<p class=\"has-medium-font-size\">Nos cuv\u00e9es: <\/p>\n\n\n\n<p class=\"has-medium-font-size\"><strong>Strass<\/strong> (blanc) ,<strong> Paillette<\/strong> (rouge Gamay),<strong> Molen<\/strong> (vin orange), <strong>Antipode<\/strong> (rouge), <strong>Boule \u00e0 facettes<\/strong> (Gamay, Cabernet) , <strong>Bulle \u00e0 facettes<\/strong> ( P\u00e9tillant) .<\/p>\n\n\n\n<p class=\"has-medium-font-size\"><strong>Mignon <\/strong>( cidre), <strong>Trognon<\/strong> (cidre et gamay)<\/p>\n\n\n\n<figure class=\"wp-block-image size-full is-resized\"><img loading=\"lazy\" decoding=\"async\" width=\"393\" height=\"591\" src=\"https:\/\/domainedesgatz.fr\/wp-content\/uploads\/2024\/08\/Molen-0498-web-1.jpg\" alt=\"\" class=\"wp-image-174\" style=\"width:342px;height:auto\" srcset=\"https:\/\/domainedesgatz.fr\/wp-content\/uploads\/2024\/08\/Molen-0498-web-1.jpg 393w, https:\/\/domainedesgatz.fr\/wp-content\/uploads\/2024\/08\/Molen-0498-web-1-199x300.jpg 199w\" sizes=\"auto, (max-width: 393px) 100vw, 393px\" \/><figcaption class=\"wp-element-caption\"><strong>Molen . vin orange  ( Mac\u00e9ration de Melon de Bourgogne)<\/strong><\/figcaption><\/figure>\n\n\n\n<p>Molen \u00e7a veut dire Moulin en N\u00e9erlandais et \u00e7a fait r\u00e9f\u00e9rence \u00e0 la parcelle du Moulin d&rsquo;o\u00f9 proviennent les raisins et aux origines de Maxime. Mac\u00e9ration tr\u00e8s accessible avec de l\u00e9gers amers, une belle acidit\u00e9 et de la fra\u00eecheur.<\/p>\n\n\n\n<figure class=\"wp-block-image size-full\"><img loading=\"lazy\" decoding=\"async\" width=\"393\" height=\"591\" src=\"https:\/\/domainedesgatz.fr\/wp-content\/uploads\/2024\/08\/strass-web-1.jpg\" alt=\"\" class=\"wp-image-177\" srcset=\"https:\/\/domainedesgatz.fr\/wp-content\/uploads\/2024\/08\/strass-web-1.jpg 393w, https:\/\/domainedesgatz.fr\/wp-content\/uploads\/2024\/08\/strass-web-1-199x300.jpg 199w\" sizes=\"auto, (max-width: 393px) 100vw, 393px\" \/><figcaption class=\"wp-element-caption\"><strong>Strass<\/strong>, <strong>vin blanc c\u00e9page Melon de Bourgogne<\/strong><\/figcaption><\/figure>\n\n\n\n<p>Vin blanc frais \u00e0 partager entre amis.<\/p>\n\n\n\n<p><\/p>\n\n\n\n<figure class=\"wp-block-image size-full\"><img loading=\"lazy\" decoding=\"async\" width=\"393\" height=\"591\" src=\"https:\/\/domainedesgatz.fr\/wp-content\/uploads\/2024\/08\/pallette-webDSC_0529.jpg\" alt=\"\" class=\"wp-image-182\" srcset=\"https:\/\/domainedesgatz.fr\/wp-content\/uploads\/2024\/08\/pallette-webDSC_0529.jpg 393w, https:\/\/domainedesgatz.fr\/wp-content\/uploads\/2024\/08\/pallette-webDSC_0529-199x300.jpg 199w\" sizes=\"auto, (max-width: 393px) 100vw, 393px\" \/><figcaption class=\"wp-element-caption\"><strong>Paillette, c\u00e9page Gamay<\/strong><\/figcaption><\/figure>\n\n\n\n<p>N\u00e9 dans la joie et la bonne humeur dans un nid de Paillettes. Vin de copains, vivant et festif.<\/p>\n\n\n\n<figure class=\"wp-block-image size-full is-resized\"><img loading=\"lazy\" decoding=\"async\" width=\"393\" height=\"591\" src=\"https:\/\/domainedesgatz.fr\/wp-content\/uploads\/2024\/08\/antipode-web-DSC_0522.jpg\" alt=\"\" class=\"wp-image-184\" style=\"width:394px;height:auto\" srcset=\"https:\/\/domainedesgatz.fr\/wp-content\/uploads\/2024\/08\/antipode-web-DSC_0522.jpg 393w, https:\/\/domainedesgatz.fr\/wp-content\/uploads\/2024\/08\/antipode-web-DSC_0522-199x300.jpg 199w\" sizes=\"auto, (max-width: 393px) 100vw, 393px\" \/><figcaption class=\"wp-element-caption\"><strong>Antipode, c\u00e9page Gamay en mac\u00e9ration.<\/strong><\/figcaption><\/figure>\n\n\n\n<figure class=\"wp-block-image size-full\"><img loading=\"lazy\" decoding=\"async\" width=\"393\" height=\"591\" src=\"https:\/\/domainedesgatz.fr\/wp-content\/uploads\/2024\/09\/boulea-facette-web-1.jpg\" alt=\"\" class=\"wp-image-187\" srcset=\"https:\/\/domainedesgatz.fr\/wp-content\/uploads\/2024\/09\/boulea-facette-web-1.jpg 393w, https:\/\/domainedesgatz.fr\/wp-content\/uploads\/2024\/09\/boulea-facette-web-1-199x300.jpg 199w\" sizes=\"auto, (max-width: 393px) 100vw, 393px\" \/><figcaption class=\"wp-element-caption\"><strong>Boule \u00e0 facettes, infusion de Gamay<\/strong><\/figcaption><\/figure>\n\n\n\n<figure class=\"wp-block-image size-full\"><img loading=\"lazy\" decoding=\"async\" width=\"393\" height=\"591\" src=\"https:\/\/domainedesgatz.fr\/wp-content\/uploads\/2024\/09\/bullea-facette-web-1.jpg\" alt=\"\" class=\"wp-image-189\" srcset=\"https:\/\/domainedesgatz.fr\/wp-content\/uploads\/2024\/09\/bullea-facette-web-1.jpg 393w, https:\/\/domainedesgatz.fr\/wp-content\/uploads\/2024\/09\/bullea-facette-web-1-199x300.jpg 199w\" sizes=\"auto, (max-width: 393px) 100vw, 393px\" \/><figcaption class=\"wp-element-caption\"><strong>Bulle \u00e0 facettes, infusion de Grolleau<\/strong><\/figcaption><\/figure>\n\n\n\n<figure class=\"wp-block-image size-full\"><img loading=\"lazy\" decoding=\"async\" width=\"387\" height=\"591\" src=\"https:\/\/domainedesgatz.fr\/wp-content\/uploads\/2024\/09\/Mignon-0733-web-1.jpg\" alt=\"\" class=\"wp-image-206\" srcset=\"https:\/\/domainedesgatz.fr\/wp-content\/uploads\/2024\/09\/Mignon-0733-web-1.jpg 387w, https:\/\/domainedesgatz.fr\/wp-content\/uploads\/2024\/09\/Mignon-0733-web-1-196x300.jpg 196w\" sizes=\"auto, (max-width: 387px) 100vw, 387px\" \/><figcaption class=\"wp-element-caption\"><strong>Mignon, notre Cidre Bio<\/strong><\/figcaption><\/figure>\n\n\n\n<figure class=\"wp-block-image size-large is-resized\"><img loading=\"lazy\" decoding=\"async\" width=\"682\" height=\"1024\" src=\"https:\/\/domainedesgatz.fr\/wp-content\/uploads\/2025\/01\/trognonDSC_0524-web-682x1024.jpg\" alt=\"Trognon une fermentation de Pomme et Gamay\" class=\"wp-image-240\" style=\"width:387px;height:auto\" srcset=\"https:\/\/domainedesgatz.fr\/wp-content\/uploads\/2025\/01\/trognonDSC_0524-web-682x1024.jpg 682w, https:\/\/domainedesgatz.fr\/wp-content\/uploads\/2025\/01\/trognonDSC_0524-web-200x300.jpg 200w, https:\/\/domainedesgatz.fr\/wp-content\/uploads\/2025\/01\/trognonDSC_0524-web-768x1154.jpg 768w, https:\/\/domainedesgatz.fr\/wp-content\/uploads\/2025\/01\/trognonDSC_0524-web.jpg 786w\" sizes=\"auto, (max-width: 682px) 100vw, 682px\" \/><\/figure>\n\n\n\n<p>Trognon , un savant m\u00e9lange de Cidre et de Gamay : une Chim\u00e8re en oenologie<\/p>\n\n\n\n<figure class=\"wp-block-image is-resized\"><img decoding=\"async\" src=\"https:\/\/www.radiofrance.fr\/s3\/cruiser-production\/2023\/09\/a6c5d389-3d71-4ec0-ab84-e36bed8500a1\/400x400_sc_la-chronique-de-celine-maguet.jpg\" alt=\"C\u00e9line Maguet\" style=\"width:194px;height:auto\"\/><\/figure>\n\n\n\n<h2 class=\"wp-block-heading\">Provenant du podcast <a href=\"https:\/\/www.radiofrance.fr\/franceinter\/podcasts\/la-chronique-de-celine-maguet\">La chronique de C\u00e9line Maguet<\/a><\/h2>\n\n\n\n<h2 class=\"wp-block-heading\"><\/h2>\n\n\n\n<p>Dans nos verres, un joli breuvage rouge clair, bien en forme avec ses bulles \u00e9nergiques. Il contient des pommes Bretonnes et aussi &#8230;du raisin lig\u00e9rien , car s&rsquo;il y a bien un point commun entre la Bretagne et la vall\u00e9e de la Loire, c&rsquo;est la fermentation des fruits.<\/p>\n\n\n\n<p>.Les fruits \u00e0 p\u00e9pins, pommes et poires, du c\u00f4t\u00e9 de la Bretagne, premi\u00e8re r\u00e9gion productrice de cidre en France.<\/p>\n\n\n\n<p>Et dans la vall\u00e9e de la Loire, les raisins de cuve&nbsp;: Chenin, sauvignon, melon de bourgogne, pineau d\u2019aunis, grolleau, cabernet franc et celui que vous avez dans votre verre, le gamay.<\/p>\n\n\n\n<p>Ce p\u00e9tillant est une co-fermentation d\u2019un gamay d\u2019Ancenis en Loire-atlantique et d\u2019une pomme acidul\u00e9e&nbsp;: la Guillevic, une vari\u00e9t\u00e9 tr\u00e8s tr\u00e8s locale du pays de Vannes.<\/p>\n\n\n\n<p>Je parle ici de co-fermentation, car la nature est bien faite. Le gamay est le dernier raisin vendang\u00e9 et la pomme Guillevic, la premi\u00e8re des pommes \u00e0 cidre \u00e0 \u00eatre r\u00e9colt\u00e9e. Ils vont donc se passer le relais.<\/p>\n\n\n\n<p>Pour faire cette cuv\u00e9e, Alexis Frenkel et Maxime Petit du domaine des Gatz vendangent leurs gamays, font mac\u00e9rer les baies quelques jours, puis ils les pressent et am\u00e8nent le jus en cours de fermentation \u00e0 la Cidrerie du golfe dans le Morbihan. Ce mo\u00fbt de raisin, plein de vie, va servir de pied de cuve et entra\u00eener le jus de pomme fra\u00eechement press\u00e9 dans sa fermentation. Le cidre et le vin vont alors fermenter ensemble. Une symbiose qui \u00e9merveille encore Marc Abel de la cidrerie du golfe, pourtant bien aguerri apr\u00e8s 12 ans de cidriculture&nbsp;: \u201c J\u2019\u00e9tais pourtant persuad\u00e9 que les levures \u00e9taient profond\u00e9ment \u00e9go\u00efstes, mais non, c\u2019est un bel exemple de cohabitation.\u201d<\/p>\n\n\n\n<p>Vous pouvez trouver cette cuv\u00e9e aussi bien au Domaine des Gatz sous le nom de \u201ctrognon\u201d. Qu\u2019\u00e0 la cidrerie du golfe o\u00f9 elle est appel\u00e9e \u00ab&nbsp;mon coeur balance&nbsp;\u00bb. Entre 12 et 15\u20ac selon les caves.<\/p>\n\n\n\n<p>Et parce qu\u2019on ne se refait pas. Les deux cuv\u00e9es sont diff\u00e9rentes, elles refl\u00e8tent les amours des deux domaines. Trognon est plus vineux alors que mon c\u0153ur balance, la cuv\u00e9e des cidriers, tire plus vers le cidre.<\/p>\n\n\n\n<p>L\u00e9galement, on ne peut pas appeler \u00e7a un cidre, car la d\u00e9nomination \u00ab&nbsp;Cidre&nbsp;\u00bb est r\u00e9serv\u00e9e \u00e0 une boisson qui ne contient QUE de la pomme OU que de la pomme et de la poire.<\/p>\n\n\n\n<p>Elle est plut\u00f4t appel\u00e9e p\u00e9tillant de fruits ou chim\u00e8re. Dominique Hutin, notre docteur \u00e8s cidres a d\u00e9j\u00e0 parl\u00e9 de ces cuv\u00e9es hybrides associant des pommes \u00e0 d\u2019autres fruits.<\/p>\n\n\n\n<p>L\u2019id\u00e9e a fait des \u00e9mules, mais \u00e7a a pris du temps. Pour deux raisons&nbsp;: parce que les vergers de pommes et de poires sont rarement proches des vignobles, mais aussi parce qu\u2019en France, on a des traditions viticole et cidri\u00e8re qui ont parfois la peau dure.<\/p>\n\n\n\n<div class=\"wp-block-buttons is-layout-flex wp-block-buttons-is-layout-flex\">\n<div class=\"wp-block-button\"><a class=\"wp-block-button__link wp-element-button\" href=\"https:\/\/domainedesgatz.fr\/\">Retour  Accueil<\/a><\/div>\n\n\n<\/div>\n\n\n\n<p><\/p>\n\n\n","protected":false},"excerpt":{"rendered":"<p>Nos cuv\u00e9es: Strass (blanc) , Paillette (rouge Gamay), Molen (vin orange), Antipode (rouge), Boule \u00e0 facettes (Gamay, Cabernet) , Bulle \u00e0 facettes ( P\u00e9tillant) . Mignon ( cidre), Trognon (cidre et gamay) Molen \u00e7a veut dire Moulin en N\u00e9erlandais et \u00e7a fait r\u00e9f\u00e9rence \u00e0 la parcelle du Moulin d&rsquo;o\u00f9 proviennent les raisins et aux origines [&hellip;]<\/p>\n","protected":false},"author":1,"featured_media":0,"parent":0,"menu_order":0,"comment_status":"closed","ping_status":"closed","template":"","meta":{"footnotes":""},"class_list":["post-27","page","type-page","status-publish","hentry","entry"],"_links":{"self":[{"href":"https:\/\/domainedesgatz.fr\/index.php\/wp-json\/wp\/v2\/pages\/27","targetHints":{"allow":["GET"]}}],"collection":[{"href":"https:\/\/domainedesgatz.fr\/index.php\/wp-json\/wp\/v2\/pages"}],"about":[{"href":"https:\/\/domainedesgatz.fr\/index.php\/wp-json\/wp\/v2\/types\/page"}],"author":[{"embeddable":true,"href":"https:\/\/domainedesgatz.fr\/index.php\/wp-json\/wp\/v2\/users\/1"}],"replies":[{"embeddable":true,"href":"https:\/\/domainedesgatz.fr\/index.php\/wp-json\/wp\/v2\/comments?post=27"}],"version-history":[{"count":19,"href":"https:\/\/domainedesgatz.fr\/index.php\/wp-json\/wp\/v2\/pages\/27\/revisions"}],"predecessor-version":[{"id":253,"href":"https:\/\/domainedesgatz.fr\/index.php\/wp-json\/wp\/v2\/pages\/27\/revisions\/253"}],"wp:attachment":[{"href":"https:\/\/domainedesgatz.fr\/index.php\/wp-json\/wp\/v2\/media?parent=27"}],"curies":[{"name":"wp","href":"https:\/\/api.w.org\/{rel}","templated":true}]}}